{"id":674,"date":"2023-08-23T15:04:19","date_gmt":"2023-08-23T15:04:19","guid":{"rendered":"https:\/\/watertgroup.com\/?post_type=product&#038;p=674"},"modified":"2023-09-06T16:21:07","modified_gmt":"2023-09-06T16:21:07","slug":"sensor-de-flujo-515-rotor-x-paddlewheel","status":"publish","type":"product","link":"https:\/\/watertgroup.com\/en\/product\/sensor-de-flujo-515-rotor-x-paddlewheel\/","title":{"rendered":"Sensor de flujo 515 ROTOR-X PADDLEWHEEL"},"content":{"rendered":"<p>Los sensores de flujo Flujo Rotor-X Paddlewheel Signet 515 son f\u00e1ciles de instalar y ofrecen un rendimiento confiable sin igual. Son sensores repetibles y duraderos que no requieren mantenimiento. Su amplio rango de flujo les permite determinar los caudales de l\u00edquido reales en tuber\u00edas completas, incluso en sistemas de baja presi\u00f3n.<\/p>","protected":false},"excerpt":{"rendered":"<p>Sensor de flujo Flujo Rotor-X Paddlewheel Signet 515<\/p>\n<p>Descargar ficha t\u00e9cnica <a href=\"https:\/\/watertgroup.com\/wp-content\/uploads\/2023\/08\/ficha-tecnica-sensor-de-flujo_Signet_referencia_515-ROTOR-X-PADDLEWHEEL.pdf\" target=\"_blank\" rel=\"noopener\">aqu\u00ed<\/a><\/p>","protected":false},"featured_media":1299,"comment_status":"open","ping_status":"closed","template":"","meta":{"_joinchat":[]},"product_brand":[],"product_cat":[26],"product_tag":[40,39],"class_list":{"0":"post-674","1":"product","2":"type-product","3":"status-publish","4":"has-post-thumbnail","6":"product_cat-instrumentacion","7":"product_tag-515-rotor-x-paddlewheel","8":"product_tag-sensor-de-flujo","10":"first","11":"instock","12":"sale","13":"shipping-taxable","14":"purchasable","15":"product-type-simple"},"aioseo_notices":[],"_links":{"self":[{"href":"https:\/\/watertgroup.com\/en\/wp-json\/wp\/v2\/product\/674","targetHints":{"allow":["GET"]}}],"collection":[{"href":"https:\/\/watertgroup.com\/en\/wp-json\/wp\/v2\/product"}],"about":[{"href":"https:\/\/watertgroup.com\/en\/wp-json\/wp\/v2\/types\/product"}],"replies":[{"embeddable":true,"href":"https:\/\/watertgroup.com\/en\/wp-json\/wp\/v2\/comments?post=674"}],"wp:featuredmedia":[{"embeddable":true,"href":"https:\/\/watertgroup.com\/en\/wp-json\/wp\/v2\/media\/1299"}],"wp:attachment":[{"href":"https:\/\/watertgroup.com\/en\/wp-json\/wp\/v2\/media?parent=674"}],"wp:term":[{"taxonomy":"product_brand","embeddable":true,"href":"https:\/\/watertgroup.com\/en\/wp-json\/wp\/v2\/product_brand?post=674"},{"taxonomy":"product_cat","embeddable":true,"href":"https:\/\/watertgroup.com\/en\/wp-json\/wp\/v2\/product_cat?post=674"},{"taxonomy":"product_tag","embeddable":true,"href":"https:\/\/watertgroup.com\/en\/wp-json\/wp\/v2\/product_tag?post=674"}],"curies":[{"name":"wp","href":"https:\/\/api.w.org\/{rel}","templated":true}]}}