{"id":635,"date":"2023-08-22T19:16:54","date_gmt":"2023-08-22T19:16:54","guid":{"rendered":"https:\/\/watertgroup.com\/?post_type=product&#038;p=635"},"modified":"2023-09-06T17:24:44","modified_gmt":"2023-09-06T17:24:44","slug":"prominent-gamma-x","status":"publish","type":"product","link":"https:\/\/watertgroup.com\/en\/product\/prominent-gamma-x\/","title":{"rendered":"Prominent gamma x"},"content":{"rendered":"<p>ProMinent Gamma X Solenoid Pump 2.2l\/hr: La bomba dosificadora de membrana magn\u00e9tica gamma ha dado un gran salto en eX celencia. Gracias al medidor de presi\u00f3n integrado, asegura un proceso de dosificaci\u00f3n fluido e impecable. La gamma\/ X es una buena opci\u00f3n para tareas de dosificaci\u00f3n de medios l\u00edquidos.<\/p>\n<p>Descargar ficha t\u00e9cnica <a href=\"https:\/\/watertgroup.com\/wp-content\/uploads\/2023\/08\/ficha-tecnica-Bomba_Prominent_referencia_ProMinent-Gamma-X.pdf\" target=\"_blank\" rel=\"noopener\">aqu\u00ed<\/a><\/p>","protected":false},"excerpt":{"rendered":"<p>ProMinent Gamma X Solenoid Pump 2.2l\/hr: La bomba dosificadora de membrana magn\u00e9tica gamma ha dado un gran salto en eX celencia.<\/p>","protected":false},"featured_media":1306,"comment_status":"open","ping_status":"closed","template":"","meta":{"_joinchat":[]},"product_brand":[],"product_cat":[24],"product_tag":[32,31],"class_list":{"0":"post-635","1":"product","2":"type-product","3":"status-publish","4":"has-post-thumbnail","6":"product_cat-bombas","7":"product_tag-bombas-de-membrana","8":"product_tag-dosificacion","10":"first","11":"instock","12":"sale","13":"shipping-taxable","14":"purchasable","15":"product-type-simple"},"aioseo_notices":[],"_links":{"self":[{"href":"https:\/\/watertgroup.com\/en\/wp-json\/wp\/v2\/product\/635","targetHints":{"allow":["GET"]}}],"collection":[{"href":"https:\/\/watertgroup.com\/en\/wp-json\/wp\/v2\/product"}],"about":[{"href":"https:\/\/watertgroup.com\/en\/wp-json\/wp\/v2\/types\/product"}],"replies":[{"embeddable":true,"href":"https:\/\/watertgroup.com\/en\/wp-json\/wp\/v2\/comments?post=635"}],"wp:featuredmedia":[{"embeddable":true,"href":"https:\/\/watertgroup.com\/en\/wp-json\/wp\/v2\/media\/1306"}],"wp:attachment":[{"href":"https:\/\/watertgroup.com\/en\/wp-json\/wp\/v2\/media?parent=635"}],"wp:term":[{"taxonomy":"product_brand","embeddable":true,"href":"https:\/\/watertgroup.com\/en\/wp-json\/wp\/v2\/product_brand?post=635"},{"taxonomy":"product_cat","embeddable":true,"href":"https:\/\/watertgroup.com\/en\/wp-json\/wp\/v2\/product_cat?post=635"},{"taxonomy":"product_tag","embeddable":true,"href":"https:\/\/watertgroup.com\/en\/wp-json\/wp\/v2\/product_tag?post=635"}],"curies":[{"name":"wp","href":"https:\/\/api.w.org\/{rel}","templated":true}]}}