{"id":4020,"date":"2023-11-29T14:31:31","date_gmt":"2023-11-29T14:31:31","guid":{"rendered":"https:\/\/watertgroup.com\/?post_type=product&#038;p=4020"},"modified":"2023-11-29T14:31:31","modified_gmt":"2023-11-29T14:31:31","slug":"serie-mini-cd10-clear-water","status":"publish","type":"product","link":"https:\/\/watertgroup.com\/en\/product\/serie-mini-cd10-clear-water\/","title":{"rendered":"Serie Mini CD10 Clear water"},"content":{"rendered":"<p>Las Series Micro CLEAR WATER TECH emplean la tecnolog\u00eda de descarga de corona (CD) para ofrecer un rendimiento excepcional en un formato compacto. Con atributos como una salida completamente ajustable y requisitos de energ\u00eda m\u00ednimos, la versatilidad y las posibilidades de aplicaci\u00f3n de estos generadores de ozono son amplias e ilimitadas.<\/p>","protected":false},"excerpt":{"rendered":"<p>Generador de ozono serie Mini CD10<\/p>\n<p>Descargar ficha t\u00e9cnica\u00a0<a href=\"https:\/\/watertgroup.com\/wp-content\/uploads\/2023\/11\/ficha-tecnica-Generador-de-ozono-serie-Mini_Clear-water_referencia_Serie-Mini-Clear-water_compressed.pdf\" target=\"_blank\" rel=\"noopener\">aqu\u00ed<\/a><\/p>","protected":false},"featured_media":4021,"comment_status":"open","ping_status":"closed","template":"","meta":{"_joinchat":[]},"product_brand":[],"product_cat":[176],"product_tag":[179],"class_list":{"0":"post-4020","1":"product","2":"type-product","3":"status-publish","4":"has-post-thumbnail","6":"product_cat-generador-de-ozono","7":"product_tag-mini","9":"first","10":"instock","11":"sale","12":"shipping-taxable","13":"purchasable","14":"product-type-simple"},"aioseo_notices":[],"_links":{"self":[{"href":"https:\/\/watertgroup.com\/en\/wp-json\/wp\/v2\/product\/4020","targetHints":{"allow":["GET"]}}],"collection":[{"href":"https:\/\/watertgroup.com\/en\/wp-json\/wp\/v2\/product"}],"about":[{"href":"https:\/\/watertgroup.com\/en\/wp-json\/wp\/v2\/types\/product"}],"replies":[{"embeddable":true,"href":"https:\/\/watertgroup.com\/en\/wp-json\/wp\/v2\/comments?post=4020"}],"wp:featuredmedia":[{"embeddable":true,"href":"https:\/\/watertgroup.com\/en\/wp-json\/wp\/v2\/media\/4021"}],"wp:attachment":[{"href":"https:\/\/watertgroup.com\/en\/wp-json\/wp\/v2\/media?parent=4020"}],"wp:term":[{"taxonomy":"product_brand","embeddable":true,"href":"https:\/\/watertgroup.com\/en\/wp-json\/wp\/v2\/product_brand?post=4020"},{"taxonomy":"product_cat","embeddable":true,"href":"https:\/\/watertgroup.com\/en\/wp-json\/wp\/v2\/product_cat?post=4020"},{"taxonomy":"product_tag","embeddable":true,"href":"https:\/\/watertgroup.com\/en\/wp-json\/wp\/v2\/product_tag?post=4020"}],"curies":[{"name":"wp","href":"https:\/\/api.w.org\/{rel}","templated":true}]}}