{"id":4007,"date":"2023-11-29T13:47:17","date_gmt":"2023-11-29T13:47:17","guid":{"rendered":"https:\/\/watertgroup.com\/?post_type=product&#038;p=4007"},"modified":"2023-11-29T13:54:34","modified_gmt":"2023-11-29T13:54:34","slug":"serie-uv-clear-water-cs-1400","status":"publish","type":"product","link":"https:\/\/watertgroup.com\/en\/product\/serie-uv-clear-water-cs-1400\/","title":{"rendered":"Serie UV Clear water cs-1400"},"content":{"rendered":"<p>La serie UV de Clear Water utiliza sistemas de ozono que aprovechan la eficacia de la luz ultravioleta, proporcionando una desinfecci\u00f3n potente y eficiente. Estas unidades ofrecen una soluci\u00f3n compacta y de alto rendimiento para la mejora de la calidad del agua, asegurando que est\u00e9 libre de microorganismos pat\u00f3genos y contaminantes.<\/p>","protected":false},"excerpt":{"rendered":"<p>Generador de ozono serie UV Clear water cs-1400<\/p>\n<p>Descargar ficha t\u00e9cnica <a href=\"https:\/\/watertgroup.com\/wp-content\/uploads\/2023\/11\/ficha-tecnica-Generador-de-ozono-serie-UV_Clear-water_referencia_Serie-UV-Clear-water_compressed.pdf\" target=\"_blank\" rel=\"noopener\">aqu\u00ed<\/a><\/p>","protected":false},"featured_media":4012,"comment_status":"open","ping_status":"closed","template":"","meta":{"_joinchat":[]},"product_brand":[],"product_cat":[176],"product_tag":[177],"class_list":{"0":"post-4007","1":"product","2":"type-product","3":"status-publish","4":"has-post-thumbnail","6":"product_cat-generador-de-ozono","7":"product_tag-ultravioleta","9":"first","10":"instock","11":"sale","12":"shipping-taxable","13":"purchasable","14":"product-type-simple"},"aioseo_notices":[],"_links":{"self":[{"href":"https:\/\/watertgroup.com\/en\/wp-json\/wp\/v2\/product\/4007","targetHints":{"allow":["GET"]}}],"collection":[{"href":"https:\/\/watertgroup.com\/en\/wp-json\/wp\/v2\/product"}],"about":[{"href":"https:\/\/watertgroup.com\/en\/wp-json\/wp\/v2\/types\/product"}],"replies":[{"embeddable":true,"href":"https:\/\/watertgroup.com\/en\/wp-json\/wp\/v2\/comments?post=4007"}],"wp:featuredmedia":[{"embeddable":true,"href":"https:\/\/watertgroup.com\/en\/wp-json\/wp\/v2\/media\/4012"}],"wp:attachment":[{"href":"https:\/\/watertgroup.com\/en\/wp-json\/wp\/v2\/media?parent=4007"}],"wp:term":[{"taxonomy":"product_brand","embeddable":true,"href":"https:\/\/watertgroup.com\/en\/wp-json\/wp\/v2\/product_brand?post=4007"},{"taxonomy":"product_cat","embeddable":true,"href":"https:\/\/watertgroup.com\/en\/wp-json\/wp\/v2\/product_cat?post=4007"},{"taxonomy":"product_tag","embeddable":true,"href":"https:\/\/watertgroup.com\/en\/wp-json\/wp\/v2\/product_tag?post=4007"}],"curies":[{"name":"wp","href":"https:\/\/api.w.org\/{rel}","templated":true}]}}