{"id":2114,"date":"2023-10-12T02:40:23","date_gmt":"2023-10-12T02:40:23","guid":{"rendered":"https:\/\/watertgroup.com\/?post_type=product&#038;p=2114"},"modified":"2023-10-30T16:44:41","modified_gmt":"2023-10-30T16:44:41","slug":"lanxess-lewatit-a-8073","status":"publish","type":"product","link":"https:\/\/watertgroup.com\/en\/product\/lanxess-lewatit-a-8073\/","title":{"rendered":"Lanxess LEWATIT A 8073"},"content":{"rendered":"<p><span data-sheets-value=\"{&quot;1&quot;:2,&quot;2&quot;:&quot;Lewatit\u00ae A 8073 es una resina de intercambio i\u00f3nico de tipo gel, con capacidad ani\u00f3nica media y car\u00e1cter bifuncional. Est\u00e1 compuesta por un copol\u00edmero de acrilato de divinilbenceno y se caracteriza por tener perlas con una distribuci\u00f3n especial en cuanto a su tama\u00f1o. Esta resina es utilizada para realizar procesos de intercambio i\u00f3nico, en los cuales puede capturar y liberar iones espec\u00edficos en soluciones acuosas, dependiendo de las condiciones y aplicaciones en las que se utilice.&quot;}\" data-sheets-userformat=\"{&quot;2&quot;:14397,&quot;3&quot;:{&quot;1&quot;:0,&quot;3&quot;:1},&quot;5&quot;:{&quot;1&quot;:[{&quot;1&quot;:2,&quot;2&quot;:0,&quot;5&quot;:{&quot;1&quot;:2,&quot;2&quot;:0}},{&quot;1&quot;:0,&quot;2&quot;:0,&quot;3&quot;:3},{&quot;1&quot;:1,&quot;2&quot;:0,&quot;4&quot;:1}]},&quot;6&quot;:{&quot;1&quot;:[{&quot;1&quot;:2,&quot;2&quot;:0,&quot;5&quot;:{&quot;1&quot;:2,&quot;2&quot;:0}},{&quot;1&quot;:0,&quot;2&quot;:0,&quot;3&quot;:3},{&quot;1&quot;:1,&quot;2&quot;:0,&quot;4&quot;:1}]},&quot;7&quot;:{&quot;1&quot;:[{&quot;1&quot;:2,&quot;2&quot;:0,&quot;5&quot;:{&quot;1&quot;:2,&quot;2&quot;:0}},{&quot;1&quot;:0,&quot;2&quot;:0,&quot;3&quot;:3},{&quot;1&quot;:1,&quot;2&quot;:0,&quot;4&quot;:1}]},&quot;8&quot;:{&quot;1&quot;:[{&quot;1&quot;:2,&quot;2&quot;:0,&quot;5&quot;:{&quot;1&quot;:2,&quot;2&quot;:0}},{&quot;1&quot;:0,&quot;2&quot;:0,&quot;3&quot;:3},{&quot;1&quot;:1,&quot;2&quot;:0,&quot;4&quot;:1}]},&quot;14&quot;:{&quot;1&quot;:3,&quot;3&quot;:1},&quot;15&quot;:&quot;Calibri&quot;,&quot;16&quot;:11}\">Lewatit\u00ae A 8073 es una resina de intercambio i\u00f3nico de tipo gel, con capacidad ani\u00f3nica media y car\u00e1cter bifuncional. Est\u00e1 compuesta por un copol\u00edmero de acrilato de divinilbenceno y se caracteriza por tener perlas con una distribuci\u00f3n especial en cuanto a su tama\u00f1o. Esta resina es utilizada para realizar procesos de intercambio i\u00f3nico, en los cuales puede capturar y liberar iones espec\u00edficos en soluciones acuosas, dependiendo de las condiciones y aplicaciones en las que se utilice.<\/span><\/p>","protected":false},"excerpt":{"rendered":"<p><span data-sheets-value=\"{&quot;1&quot;:2,&quot;2&quot;:&quot;RoQuest\u2122 3000 es una soluci\u00f3n eficaz para mejorar la calidad del agua y optimizar el funcionamiento de los sistemas de filtrado y tratamiento de agua en diversas aplicaciones&quot;}\" data-sheets-userformat=\"{&quot;2&quot;:14397,&quot;3&quot;:{&quot;1&quot;:0,&quot;3&quot;:1},&quot;5&quot;:{&quot;1&quot;:[{&quot;1&quot;:2,&quot;2&quot;:0,&quot;5&quot;:{&quot;1&quot;:2,&quot;2&quot;:0}},{&quot;1&quot;:0,&quot;2&quot;:0,&quot;3&quot;:3},{&quot;1&quot;:1,&quot;2&quot;:0,&quot;4&quot;:1}]},&quot;6&quot;:{&quot;1&quot;:[{&quot;1&quot;:2,&quot;2&quot;:0,&quot;5&quot;:{&quot;1&quot;:2,&quot;2&quot;:0}},{&quot;1&quot;:0,&quot;2&quot;:0,&quot;3&quot;:3},{&quot;1&quot;:1,&quot;2&quot;:0,&quot;4&quot;:1}]},&quot;7&quot;:{&quot;1&quot;:[{&quot;1&quot;:2,&quot;2&quot;:0,&quot;5&quot;:{&quot;1&quot;:2,&quot;2&quot;:0}},{&quot;1&quot;:0,&quot;2&quot;:0,&quot;3&quot;:3},{&quot;1&quot;:1,&quot;2&quot;:0,&quot;4&quot;:1}]},&quot;8&quot;:{&quot;1&quot;:[{&quot;1&quot;:2,&quot;2&quot;:0,&quot;5&quot;:{&quot;1&quot;:2,&quot;2&quot;:0}},{&quot;1&quot;:0,&quot;2&quot;:0,&quot;3&quot;:3},{&quot;1&quot;:1,&quot;2&quot;:0,&quot;4&quot;:1}]},&quot;14&quot;:{&quot;1&quot;:3,&quot;3&quot;:1},&quot;15&quot;:&quot;Calibri&quot;,&quot;16&quot;:11}\">Resina de intercambio i\u00f3nico de tipo gel &#8211; Lewatit\u00ae A 8073<\/span><\/p>\n<p>Descargar ficha t\u00e9cnica <a href=\"https:\/\/watertgroup.com\/wp-content\/uploads\/2023\/10\/ficha-tecnica-resinas-de-intercambio-ionico_Lanxess_referencia_Lewatit\u00ae-A-8073.pdf\" target=\"_blank\" rel=\"noopener\">aqu\u00ed<\/a><\/p>","protected":false},"featured_media":3057,"comment_status":"open","ping_status":"closed","template":"","meta":{"_joinchat":[]},"product_brand":[],"product_cat":[166],"product_tag":[167,156,155],"class_list":{"0":"post-2114","1":"product","2":"type-product","3":"status-publish","4":"has-post-thumbnail","6":"product_cat-desmineralizacion-y-suavizacion","7":"product_tag-desmineralizacion-y-suavizacion","8":"product_tag-lanxess","9":"product_tag-lewatit-a-8073","11":"first","12":"instock","13":"sale","14":"shipping-taxable","15":"purchasable","16":"product-type-simple"},"aioseo_notices":[],"_links":{"self":[{"href":"https:\/\/watertgroup.com\/en\/wp-json\/wp\/v2\/product\/2114","targetHints":{"allow":["GET"]}}],"collection":[{"href":"https:\/\/watertgroup.com\/en\/wp-json\/wp\/v2\/product"}],"about":[{"href":"https:\/\/watertgroup.com\/en\/wp-json\/wp\/v2\/types\/product"}],"replies":[{"embeddable":true,"href":"https:\/\/watertgroup.com\/en\/wp-json\/wp\/v2\/comments?post=2114"}],"wp:featuredmedia":[{"embeddable":true,"href":"https:\/\/watertgroup.com\/en\/wp-json\/wp\/v2\/media\/3057"}],"wp:attachment":[{"href":"https:\/\/watertgroup.com\/en\/wp-json\/wp\/v2\/media?parent=2114"}],"wp:term":[{"taxonomy":"product_brand","embeddable":true,"href":"https:\/\/watertgroup.com\/en\/wp-json\/wp\/v2\/product_brand?post=2114"},{"taxonomy":"product_cat","embeddable":true,"href":"https:\/\/watertgroup.com\/en\/wp-json\/wp\/v2\/product_cat?post=2114"},{"taxonomy":"product_tag","embeddable":true,"href":"https:\/\/watertgroup.com\/en\/wp-json\/wp\/v2\/product_tag?post=2114"}],"curies":[{"name":"wp","href":"https:\/\/api.w.org\/{rel}","templated":true}]}}