{"id":2088,"date":"2023-10-12T02:17:53","date_gmt":"2023-10-12T02:17:53","guid":{"rendered":"https:\/\/watertgroup.com\/?post_type=product&#038;p=2088"},"modified":"2023-11-02T21:48:56","modified_gmt":"2023-11-02T21:48:56","slug":"kurita-roclean-l211","status":"publish","type":"product","link":"https:\/\/watertgroup.com\/en\/product\/kurita-roclean-l211\/","title":{"rendered":"Kurita RoClean-L211"},"content":{"rendered":"<p><span data-sheets-value=\"{&quot;1&quot;:2,&quot;2&quot;:&quot;RoClean\u2122 L211 es un limpiador l\u00edquido multicomponente con pH alto y baja espuma, espec\u00edficamente dise\u00f1ado para eliminar la s\u00edlice coloidal, la arcilla, el color org\u00e1nico y el biolimo de las membranas de \u00f3smosis inversa (OI). Este limpiador es especialmente efectivo en sistemas que operan con agua de mar, agua salobre o aguas residuales, y donde se prefiere un limpiador l\u00edquido.&quot;}\" data-sheets-userformat=\"{&quot;2&quot;:14397,&quot;3&quot;:{&quot;1&quot;:0,&quot;3&quot;:1},&quot;5&quot;:{&quot;1&quot;:[{&quot;1&quot;:2,&quot;2&quot;:0,&quot;5&quot;:{&quot;1&quot;:2,&quot;2&quot;:0}},{&quot;1&quot;:0,&quot;2&quot;:0,&quot;3&quot;:3},{&quot;1&quot;:1,&quot;2&quot;:0,&quot;4&quot;:1}]},&quot;6&quot;:{&quot;1&quot;:[{&quot;1&quot;:2,&quot;2&quot;:0,&quot;5&quot;:{&quot;1&quot;:2,&quot;2&quot;:0}},{&quot;1&quot;:0,&quot;2&quot;:0,&quot;3&quot;:3},{&quot;1&quot;:1,&quot;2&quot;:0,&quot;4&quot;:1}]},&quot;7&quot;:{&quot;1&quot;:[{&quot;1&quot;:2,&quot;2&quot;:0,&quot;5&quot;:{&quot;1&quot;:2,&quot;2&quot;:0}},{&quot;1&quot;:0,&quot;2&quot;:0,&quot;3&quot;:3},{&quot;1&quot;:1,&quot;2&quot;:0,&quot;4&quot;:1}]},&quot;8&quot;:{&quot;1&quot;:[{&quot;1&quot;:2,&quot;2&quot;:0,&quot;5&quot;:{&quot;1&quot;:2,&quot;2&quot;:0}},{&quot;1&quot;:0,&quot;2&quot;:0,&quot;3&quot;:3},{&quot;1&quot;:1,&quot;2&quot;:0,&quot;4&quot;:1}]},&quot;14&quot;:{&quot;1&quot;:3,&quot;3&quot;:1},&quot;15&quot;:&quot;Calibri&quot;,&quot;16&quot;:11}\">RoClean\u2122 L211 es un limpiador l\u00edquido multicomponente con pH alto y baja espuma, espec\u00edficamente dise\u00f1ado para eliminar la s\u00edlice coloidal, la arcilla, el color org\u00e1nico y el biolimo de las membranas de \u00f3smosis inversa (OI). Este limpiador es especialmente efectivo en sistemas que operan con agua de mar, agua salobre o aguas residuales, y donde se prefiere un limpiador l\u00edquido.<\/span><\/p>","protected":false},"excerpt":{"rendered":"<p><span data-sheets-value=\"{&quot;1&quot;:2,&quot;2&quot;:&quot;RoQuest\u2122 3000 es una soluci\u00f3n eficaz para mejorar la calidad del agua y optimizar el funcionamiento de los sistemas de filtrado y tratamiento de agua en diversas aplicaciones&quot;}\" data-sheets-userformat=\"{&quot;2&quot;:14397,&quot;3&quot;:{&quot;1&quot;:0,&quot;3&quot;:1},&quot;5&quot;:{&quot;1&quot;:[{&quot;1&quot;:2,&quot;2&quot;:0,&quot;5&quot;:{&quot;1&quot;:2,&quot;2&quot;:0}},{&quot;1&quot;:0,&quot;2&quot;:0,&quot;3&quot;:3},{&quot;1&quot;:1,&quot;2&quot;:0,&quot;4&quot;:1}]},&quot;6&quot;:{&quot;1&quot;:[{&quot;1&quot;:2,&quot;2&quot;:0,&quot;5&quot;:{&quot;1&quot;:2,&quot;2&quot;:0}},{&quot;1&quot;:0,&quot;2&quot;:0,&quot;3&quot;:3},{&quot;1&quot;:1,&quot;2&quot;:0,&quot;4&quot;:1}]},&quot;7&quot;:{&quot;1&quot;:[{&quot;1&quot;:2,&quot;2&quot;:0,&quot;5&quot;:{&quot;1&quot;:2,&quot;2&quot;:0}},{&quot;1&quot;:0,&quot;2&quot;:0,&quot;3&quot;:3},{&quot;1&quot;:1,&quot;2&quot;:0,&quot;4&quot;:1}]},&quot;8&quot;:{&quot;1&quot;:[{&quot;1&quot;:2,&quot;2&quot;:0,&quot;5&quot;:{&quot;1&quot;:2,&quot;2&quot;:0}},{&quot;1&quot;:0,&quot;2&quot;:0,&quot;3&quot;:3},{&quot;1&quot;:1,&quot;2&quot;:0,&quot;4&quot;:1}]},&quot;14&quot;:{&quot;1&quot;:3,&quot;3&quot;:1},&quot;15&quot;:&quot;Calibri&quot;,&quot;16&quot;:11}\">Limpiador l\u00edquido multicomponente con pH alto y baja espuma &#8211; Kurita RoClean-L211<\/span><\/p>\n<p>Descargar ficha t\u00e9cnica <a href=\"https:\/\/watertgroup.com\/wp-content\/uploads\/2023\/11\/ficha-tecnica-Quimicos_Kurita-avista_referencia_Kurita-RoClean-L211_2.pdf\" target=\"_blank\" rel=\"noopener\">aqu\u00ed<\/a><\/p>","protected":false},"featured_media":3060,"comment_status":"open","ping_status":"closed","template":"","meta":{"_joinchat":[]},"product_brand":[],"product_cat":[27],"product_tag":[133,140,141],"class_list":{"0":"post-2088","1":"product","2":"type-product","3":"status-publish","4":"has-post-thumbnail","6":"product_cat-quimicos","7":"product_tag-kurita","8":"product_tag-kurita-roclean-l211","9":"product_tag-limpiadores-liquidos-y-en-polvo","11":"first","12":"instock","13":"sale","14":"shipping-taxable","15":"purchasable","16":"product-type-simple"},"aioseo_notices":[],"_links":{"self":[{"href":"https:\/\/watertgroup.com\/en\/wp-json\/wp\/v2\/product\/2088","targetHints":{"allow":["GET"]}}],"collection":[{"href":"https:\/\/watertgroup.com\/en\/wp-json\/wp\/v2\/product"}],"about":[{"href":"https:\/\/watertgroup.com\/en\/wp-json\/wp\/v2\/types\/product"}],"replies":[{"embeddable":true,"href":"https:\/\/watertgroup.com\/en\/wp-json\/wp\/v2\/comments?post=2088"}],"wp:featuredmedia":[{"embeddable":true,"href":"https:\/\/watertgroup.com\/en\/wp-json\/wp\/v2\/media\/3060"}],"wp:attachment":[{"href":"https:\/\/watertgroup.com\/en\/wp-json\/wp\/v2\/media?parent=2088"}],"wp:term":[{"taxonomy":"product_brand","embeddable":true,"href":"https:\/\/watertgroup.com\/en\/wp-json\/wp\/v2\/product_brand?post=2088"},{"taxonomy":"product_cat","embeddable":true,"href":"https:\/\/watertgroup.com\/en\/wp-json\/wp\/v2\/product_cat?post=2088"},{"taxonomy":"product_tag","embeddable":true,"href":"https:\/\/watertgroup.com\/en\/wp-json\/wp\/v2\/product_tag?post=2088"}],"curies":[{"name":"wp","href":"https:\/\/api.w.org\/{rel}","templated":true}]}}