{"id":2079,"date":"2023-10-12T02:05:13","date_gmt":"2023-10-12T02:05:13","guid":{"rendered":"https:\/\/watertgroup.com\/?post_type=product&#038;p=2079"},"modified":"2023-10-25T02:26:01","modified_gmt":"2023-10-25T02:26:01","slug":"sensor-de-temperatura-itherm-trustsens","status":"publish","type":"product","link":"https:\/\/watertgroup.com\/en\/product\/sensor-de-temperatura-itherm-trustsens\/","title":{"rendered":"Sensor de Temperatura iTHERM TrustSens"},"content":{"rendered":"<p><span data-sheets-value=\"{&quot;1&quot;:2,&quot;2&quot;:&quot;El RTD sanitario iTHERM TrustSens TM371 ha sido galardonado y se destaca por ser el primer sensor Pt100 autocalibrable en el mundo. Este transmisor de temperatura higi\u00e9nico, con tecnolog\u00eda Heartbeat, garantiza la eliminaci\u00f3n efectiva del riesgo de no conformidades no detectadas, lo que reduce el tiempo de inactividad de la producci\u00f3n y mejora la seguridad y eficiencia del proceso en aplicaciones de alimentos, bebidas y ciencias de la vida.&quot;}\" data-sheets-userformat=\"{&quot;2&quot;:14397,&quot;3&quot;:{&quot;1&quot;:0,&quot;3&quot;:1},&quot;5&quot;:{&quot;1&quot;:[{&quot;1&quot;:2,&quot;2&quot;:0,&quot;5&quot;:{&quot;1&quot;:2,&quot;2&quot;:0}},{&quot;1&quot;:0,&quot;2&quot;:0,&quot;3&quot;:3},{&quot;1&quot;:1,&quot;2&quot;:0,&quot;4&quot;:1}]},&quot;6&quot;:{&quot;1&quot;:[{&quot;1&quot;:2,&quot;2&quot;:0,&quot;5&quot;:{&quot;1&quot;:2,&quot;2&quot;:0}},{&quot;1&quot;:0,&quot;2&quot;:0,&quot;3&quot;:3},{&quot;1&quot;:1,&quot;2&quot;:0,&quot;4&quot;:1}]},&quot;7&quot;:{&quot;1&quot;:[{&quot;1&quot;:2,&quot;2&quot;:0,&quot;5&quot;:{&quot;1&quot;:2,&quot;2&quot;:0}},{&quot;1&quot;:0,&quot;2&quot;:0,&quot;3&quot;:3},{&quot;1&quot;:1,&quot;2&quot;:0,&quot;4&quot;:1}]},&quot;8&quot;:{&quot;1&quot;:[{&quot;1&quot;:2,&quot;2&quot;:0,&quot;5&quot;:{&quot;1&quot;:2,&quot;2&quot;:0}},{&quot;1&quot;:0,&quot;2&quot;:0,&quot;3&quot;:3},{&quot;1&quot;:1,&quot;2&quot;:0,&quot;4&quot;:1}]},&quot;14&quot;:{&quot;1&quot;:3,&quot;3&quot;:1},&quot;15&quot;:&quot;Calibri&quot;,&quot;16&quot;:11}\">El RTD sanitario iTHERM TrustSens TM371 ha sido galardonado y se destaca por ser el primer sensor Pt100 autocalibrable en el mundo. Este transmisor de temperatura higi\u00e9nico, con tecnolog\u00eda Heartbeat, garantiza la eliminaci\u00f3n efectiva del riesgo de no conformidades no detectadas, lo que reduce el tiempo de inactividad de la producci\u00f3n y mejora la seguridad y eficiencia del proceso en aplicaciones de alimentos, bebidas y ciencias de la vida.<\/span><\/p>","protected":false},"excerpt":{"rendered":"<p><span data-sheets-value=\"{&quot;1&quot;:2,&quot;2&quot;:&quot;Proline Prowirl F 200&quot;}\" data-sheets-userformat=\"{&quot;2&quot;:14397,&quot;3&quot;:{&quot;1&quot;:0,&quot;3&quot;:1},&quot;5&quot;:{&quot;1&quot;:[{&quot;1&quot;:2,&quot;2&quot;:0,&quot;5&quot;:{&quot;1&quot;:2,&quot;2&quot;:0}},{&quot;1&quot;:0,&quot;2&quot;:0,&quot;3&quot;:3},{&quot;1&quot;:1,&quot;2&quot;:0,&quot;4&quot;:1}]},&quot;6&quot;:{&quot;1&quot;:[{&quot;1&quot;:2,&quot;2&quot;:0,&quot;5&quot;:{&quot;1&quot;:2,&quot;2&quot;:0}},{&quot;1&quot;:0,&quot;2&quot;:0,&quot;3&quot;:3},{&quot;1&quot;:1,&quot;2&quot;:0,&quot;4&quot;:1}]},&quot;7&quot;:{&quot;1&quot;:[{&quot;1&quot;:2,&quot;2&quot;:0,&quot;5&quot;:{&quot;1&quot;:2,&quot;2&quot;:0}},{&quot;1&quot;:0,&quot;2&quot;:0,&quot;3&quot;:3},{&quot;1&quot;:1,&quot;2&quot;:0,&quot;4&quot;:1}]},&quot;8&quot;:{&quot;1&quot;:[{&quot;1&quot;:2,&quot;2&quot;:0,&quot;5&quot;:{&quot;1&quot;:2,&quot;2&quot;:0}},{&quot;1&quot;:0,&quot;2&quot;:0,&quot;3&quot;:3},{&quot;1&quot;:1,&quot;2&quot;:0,&quot;4&quot;:1}]},&quot;14&quot;:{&quot;1&quot;:3,&quot;3&quot;:1},&quot;15&quot;:&quot;Calibri&quot;,&quot;16&quot;:11}\">El RTD sanitario\u00a0 ha sido galardonado y se destaca por ser el primer sensor Pt100 autocalibrable en el mundo &#8211; iTHERM TrustSens TM371<\/span><\/p>\n<p>Descargar ficha t\u00e9cnica <a href=\"https:\/\/watertgroup.com\/wp-content\/uploads\/2023\/10\/ficha-tecnica-sensor-de-temperatura_Endress-Hausser_referencia_iTHERM-TrustSens-TM371-1.pdf\" target=\"_blank\" rel=\"noopener\">aqu\u00ed<\/a><\/p>","protected":false},"featured_media":2825,"comment_status":"open","ping_status":"closed","template":"","meta":{"_joinchat":[]},"product_brand":[],"product_cat":[26],"product_tag":[108,124,125],"class_list":{"0":"post-2079","1":"product","2":"type-product","3":"status-publish","4":"has-post-thumbnail","6":"product_cat-instrumentacion","7":"product_tag-endress-hausser","8":"product_tag-itherm-trustsens-tm371","9":"product_tag-sensor-de-t","11":"first","12":"instock","13":"sale","14":"shipping-taxable","15":"purchasable","16":"product-type-simple"},"aioseo_notices":[],"_links":{"self":[{"href":"https:\/\/watertgroup.com\/en\/wp-json\/wp\/v2\/product\/2079","targetHints":{"allow":["GET"]}}],"collection":[{"href":"https:\/\/watertgroup.com\/en\/wp-json\/wp\/v2\/product"}],"about":[{"href":"https:\/\/watertgroup.com\/en\/wp-json\/wp\/v2\/types\/product"}],"replies":[{"embeddable":true,"href":"https:\/\/watertgroup.com\/en\/wp-json\/wp\/v2\/comments?post=2079"}],"wp:featuredmedia":[{"embeddable":true,"href":"https:\/\/watertgroup.com\/en\/wp-json\/wp\/v2\/media\/2825"}],"wp:attachment":[{"href":"https:\/\/watertgroup.com\/en\/wp-json\/wp\/v2\/media?parent=2079"}],"wp:term":[{"taxonomy":"product_brand","embeddable":true,"href":"https:\/\/watertgroup.com\/en\/wp-json\/wp\/v2\/product_brand?post=2079"},{"taxonomy":"product_cat","embeddable":true,"href":"https:\/\/watertgroup.com\/en\/wp-json\/wp\/v2\/product_cat?post=2079"},{"taxonomy":"product_tag","embeddable":true,"href":"https:\/\/watertgroup.com\/en\/wp-json\/wp\/v2\/product_tag?post=2079"}],"curies":[{"name":"wp","href":"https:\/\/api.w.org\/{rel}","templated":true}]}}